{"id":15795,"date":"2023-07-31T23:47:01","date_gmt":"2023-07-31T23:47:01","guid":{"rendered":"https:\/\/store1.prototipo.digital\/?page_id=15795"},"modified":"2023-08-04T15:33:23","modified_gmt":"2023-08-04T15:33:23","slug":"politica-privacidad","status":"publish","type":"page","link":"https:\/\/store4.prototipo.digital\/index.php\/politica-privacidad\/","title":{"rendered":"Pol\u00edtica de Privacidad"},"content":{"rendered":"\t\t<div data-elementor-type=\"wp-page\" data-elementor-id=\"15795\" class=\"elementor elementor-15795\" data-elementor-post-type=\"page\">\n\t\t\t\t\t\t\t\t\t<section class=\"wd-negative-gap elementor-section elementor-top-section elementor-element elementor-element-6a41795 elementor-section-boxed elementor-section-height-default elementor-section-height-default wd-section-disabled\" data-id=\"6a41795\" data-element_type=\"section\">\n\t\t\t\t\t\t<div class=\"elementor-container elementor-column-gap-default\">\n\t\t\t\t\t<div class=\"elementor-column elementor-col-33 elementor-top-column elementor-element elementor-element-4ef7d75\" data-id=\"4ef7d75\" data-element_type=\"column\">\n\t\t\t<div class=\"elementor-widget-wrap\">\n\t\t\t\t\t\t\t\t\t<\/div>\n\t\t<\/div>\n\t\t\t\t<div class=\"elementor-column elementor-col-33 elementor-top-column elementor-element elementor-element-99d13cd\" data-id=\"99d13cd\" data-element_type=\"column\">\n\t\t\t<div class=\"elementor-widget-wrap elementor-element-populated\">\n\t\t\t\t\t\t\t\t<div class=\"elementor-element elementor-element-8d23f32 color-scheme-inherit text-left elementor-widget elementor-widget-text-editor\" data-id=\"8d23f32\" data-element_type=\"widget\" data-widget_type=\"text-editor.default\">\n\t\t\t\t<div class=\"elementor-widget-container\">\n\t\t\t<style>\/*! elementor - v3.15.0 - 02-08-2023 *\/\n.elementor-widget-text-editor.elementor-drop-cap-view-stacked .elementor-drop-cap{background-color:#69727d;color:#fff}.elementor-widget-text-editor.elementor-drop-cap-view-framed .elementor-drop-cap{color:#69727d;border:3px solid;background-color:transparent}.elementor-widget-text-editor:not(.elementor-drop-cap-view-default) .elementor-drop-cap{margin-top:8px}.elementor-widget-text-editor:not(.elementor-drop-cap-view-default) .elementor-drop-cap-letter{width:1em;height:1em}.elementor-widget-text-editor .elementor-drop-cap{float:left;text-align:center;line-height:1;font-size:50px}.elementor-widget-text-editor .elementor-drop-cap-letter{display:inline-block}<\/style>\t\t\t\t<p>Estimado Cliente:<br \/><br \/><u>Tresesenta estrategia digital <\/u>recolecta informaci\u00f3n personal de sus clientes con fines promocionales exclusivamente y los medios de contacto, previa autorizaci\u00f3n de los clientes, son e-mail, sms y correo directo. La informaci\u00f3n de los clientes se recolecta a trav\u00e9s de rifas y concursos en tiendas, registro en p\u00e1gina web, registro en el punto de venta y actividades con seguidores de la marca en redes sociales.<br \/><br \/>Las comunicaciones que se enviar\u00e1n a los clientes ser\u00e1n correos electr\u00f3nicos de bienvenida a la base de datos de <u>Tresesenta estrategia digital <\/u>newsletter con informaci\u00f3n del producto, mensajes de cumplea\u00f1os, informaci\u00f3n sobre eventos especiales y din\u00e1micas promocionales, mensajes en fechas especiales y otros que impliquen informaci\u00f3n de producto o promoci\u00f3n.<br \/><br \/>La informaci\u00f3n de los clientes no se utilizar\u00e1 para ning\u00fan fin diferente a los anteriormente mencionados y ser\u00e1 de uso exclusivo de <u>Tresesenta estrategia digital<br \/><br \/><\/u>Todos los correos electr\u00f3nicos incluyen la opci\u00f3n de desafiliaci\u00f3n al recibo de correos electr\u00f3nicos mediante la cual el cliente puede renunciar a recibir informaci\u00f3n futura por esta v\u00eda. La desafiliaci\u00f3n a otros canales se debe hacer por los canales de atenci\u00f3n al cliente.<br \/><br \/>Para mayor informaci\u00f3n puede contactarse con servicio al cliente al correo: <a href=\"mailto:soporte@tresesenta.mx\">soporte@tresesenta.mx<\/a> o a nuestras l\u00ednea de servicio al cliente a nivel nacional al <a href=\"http:\/\/Tel:8122357398\" data-wplink-url-error=\"true\">(81) 2235-7398<\/a> Direcci\u00f3n: Talia 384 , Col. Contry Tesoro Monterrey, N.L. M\u00e9xico.<\/p>\t\t\t\t\t\t<\/div>\n\t\t\t\t<\/div>\n\t\t\t\t\t<\/div>\n\t\t<\/div>\n\t\t\t\t<div class=\"elementor-column elementor-col-33 elementor-top-column elementor-element elementor-element-3266dd9\" data-id=\"3266dd9\" data-element_type=\"column\">\n\t\t\t<div class=\"elementor-widget-wrap\">\n\t\t\t\t\t\t\t\t\t<\/div>\n\t\t<\/div>\n\t\t\t\t\t\t\t<\/div>\n\t\t<\/section>\n\t\t\t\t\t\t\t<\/div>\n\t\t","protected":false},"excerpt":{"rendered":"<p>Estimado Cliente: Tresesenta estrategia digital recolecta informaci\u00f3n personal de sus clientes con fines promocionales exclusivamente y los medios de contacto,<\/p>\n","protected":false},"author":1,"featured_media":0,"parent":0,"menu_order":0,"comment_status":"closed","ping_status":"closed","template":"elementor_header_footer","meta":{"footnotes":""},"class_list":["post-15795","page","type-page","status-publish","hentry"],"_links":{"self":[{"href":"https:\/\/store4.prototipo.digital\/index.php\/wp-json\/wp\/v2\/pages\/15795","targetHints":{"allow":["GET"]}}],"collection":[{"href":"https:\/\/store4.prototipo.digital\/index.php\/wp-json\/wp\/v2\/pages"}],"about":[{"href":"https:\/\/store4.prototipo.digital\/index.php\/wp-json\/wp\/v2\/types\/page"}],"author":[{"embeddable":true,"href":"https:\/\/store4.prototipo.digital\/index.php\/wp-json\/wp\/v2\/users\/1"}],"replies":[{"embeddable":true,"href":"https:\/\/store4.prototipo.digital\/index.php\/wp-json\/wp\/v2\/comments?post=15795"}],"version-history":[{"count":23,"href":"https:\/\/store4.prototipo.digital\/index.php\/wp-json\/wp\/v2\/pages\/15795\/revisions"}],"predecessor-version":[{"id":16072,"href":"https:\/\/store4.prototipo.digital\/index.php\/wp-json\/wp\/v2\/pages\/15795\/revisions\/16072"}],"wp:attachment":[{"href":"https:\/\/store4.prototipo.digital\/index.php\/wp-json\/wp\/v2\/media?parent=15795"}],"curies":[{"name":"wp","href":"https:\/\/api.w.org\/{rel}","templated":true}]}}