{"id":15817,"date":"2023-08-01T00:09:40","date_gmt":"2023-08-01T00:09:40","guid":{"rendered":"https:\/\/store1.prototipo.digital\/?page_id=15817"},"modified":"2023-08-04T18:50:58","modified_gmt":"2023-08-04T18:50:58","slug":"terminos-condiciones","status":"publish","type":"page","link":"https:\/\/store4.prototipo.digital\/index.php\/terminos-condiciones\/","title":{"rendered":"T\u00e9rminos y Condiciones"},"content":{"rendered":"\t\t<div data-elementor-type=\"wp-page\" data-elementor-id=\"15817\" class=\"elementor elementor-15817\" data-elementor-post-type=\"page\">\n\t\t\t\t\t\t\t\t\t<section class=\"wd-negative-gap elementor-section elementor-top-section elementor-element elementor-element-0374104 elementor-section-boxed elementor-section-height-default elementor-section-height-default wd-section-disabled\" data-id=\"0374104\" data-element_type=\"section\">\n\t\t\t\t\t\t<div class=\"elementor-container elementor-column-gap-default\">\n\t\t\t\t\t<div class=\"elementor-column elementor-col-33 elementor-top-column elementor-element elementor-element-8ea2876\" data-id=\"8ea2876\" data-element_type=\"column\">\n\t\t\t<div class=\"elementor-widget-wrap\">\n\t\t\t\t\t\t\t\t\t<\/div>\n\t\t<\/div>\n\t\t\t\t<div class=\"elementor-column elementor-col-33 elementor-top-column elementor-element elementor-element-421b84e\" data-id=\"421b84e\" data-element_type=\"column\">\n\t\t\t<div class=\"elementor-widget-wrap elementor-element-populated\">\n\t\t\t\t\t\t\t\t<div class=\"elementor-element elementor-element-d2081a0 color-scheme-inherit text-left elementor-widget elementor-widget-text-editor\" data-id=\"d2081a0\" data-element_type=\"widget\" data-widget_type=\"text-editor.default\">\n\t\t\t\t<div class=\"elementor-widget-container\">\n\t\t\t<style>\/*! elementor - v3.15.0 - 02-08-2023 *\/\n.elementor-widget-text-editor.elementor-drop-cap-view-stacked .elementor-drop-cap{background-color:#69727d;color:#fff}.elementor-widget-text-editor.elementor-drop-cap-view-framed .elementor-drop-cap{color:#69727d;border:3px solid;background-color:transparent}.elementor-widget-text-editor:not(.elementor-drop-cap-view-default) .elementor-drop-cap{margin-top:8px}.elementor-widget-text-editor:not(.elementor-drop-cap-view-default) .elementor-drop-cap-letter{width:1em;height:1em}.elementor-widget-text-editor .elementor-drop-cap{float:left;text-align:center;line-height:1;font-size:50px}.elementor-widget-text-editor .elementor-drop-cap-letter{display:inline-block}<\/style>\t\t\t\t<p>Estimado cliente y\/o usuario, le recomendamos leer con especial cuidado el presente documento, dado que por el solo hecho de navegar por nuestra p\u00e1gina web o adquirir cualquiera de nuestros productos por este medio, se aceptan plenamente los t\u00e9rminos y condiciones que se mencionan a continuaci\u00f3n:<\/p><p><b>1. LAS PARTES<\/b><\/p><p>Entre el cliente y\/o usuario, quien act\u00faa directamente, si es una persona natural o por medio de una persona debidamente facultada para actuar a nombre y representaci\u00f3n, en caso de ser una persona jur\u00eddica, y de otro lado <u>Tresesenta estrategia digital<\/u>, sociedad comercial debidamente constituida bajo las leyes M\u00e9xico, que cuenta con un sitio web <a href=\"http:\/\/www.tresesenta.mx\">www.tresesenta.mx<\/a>, celebran el presente contrato de conformidad con los t\u00e9rminos y condiciones de uso que hacen parte integral de este contrato.<br \/><u>Tresesenta estrategia digital<\/u>, en todo caso presumir\u00e1 de buena f\u00e9 que est\u00e1 contratando directamente con el cliente o con su representante legal debidamente facultado para efectuar este tipo de operaciones y ninguna responsabilidad deber\u00e1 asumir <u>Tresesenta estrategia digital<\/u> por suplantaci\u00f3n personal que realice cualquier cliente y\/o usuario.<\/p><p><strong>P\u00c1RRAFO PRIMERO:<\/strong> Para realizar cualquier compra, es requisito esencial registrarse, identificarse y presentarse como usuario en la p\u00e1gina web, actividades que se realizan por medio de una cuenta de correo electr\u00f3nico y una clave secreta del cliente, la cual es de car\u00e1cter personal, intransferible y de responsabilidad exclusiva y excluyente del cliente.<\/p><p><strong>P\u00c1RRAFO SEGUNDO:<\/strong> Es responsabilidad del cliente cualquier uso que de la clave suministrada se realice, la cual no podr\u00e1 ser transferida o revelada a terceros bajo ning\u00fan motivo. As\u00ed mismo, el cliente deber\u00e1 adoptar todas las medidas de seguridad necesarias para evitar el mal uso o el conocimiento de esta por parte de terceros. Se recomienda efectuar el cambio de clave de manera peri\u00f3dica.<\/p><p><strong>P\u00c1RRAFO TERCERO:<\/strong> En caso de p\u00e9rdida, olvido o exposici\u00f3n a terceros de la clave, deber\u00e1 remitirse a la secci\u00f3n de autenticaci\u00f3n del sitio en donde hay un link recordar contrase\u00f1a, en donde siguiendo las instrucciones, el cliente podr\u00e1 recuperar su contrase\u00f1a, a trav\u00e9s de su correo electr\u00f3nico o cambiar la clave. Si por alg\u00fan motivo no logra solucionar el inconveniente debe escribir al e &#8211; mail: <a href=\"mailto:soporte@tresesenta.mx\">soporte@tresesenta.mx<\/a><\/p><p><b>2. LA ACTIVIDAD<\/b><\/p><p><u>Tresesenta estrategia digital<\/u>, pondr\u00e1 a disposici\u00f3n de los clientes, los colores en los que pueden adquirir los productos. Estos se exhibir\u00e1n de la manera m\u00e1s real posible, sin embargo hay que tener en cuenta que con cada equipo\/computador, el color que se elija podr\u00e1 variar, por lo que la empresa no se hace responsable de este hecho si el cliente solicitara cambio por error en la selecci\u00f3n del color.<\/p><p><b>3. ACEPTACI\u00d3N DE LOS T\u00c9RMINOS<\/b><\/p><p>Al accesar, hojear y\/o usar este Sitio, el usuario admite haber le\u00eddo y entendido estos T\u00e9rminos de Uso y est\u00e1 de acuerdo en sujetarse a los mismos y cumplir con todas las leyes y reglamentos aplicables que hagan parte de la Legislaci\u00f3n Mexicana. Adem\u00e1s, cuando el usuario utilice cualquier servicio suministrado en este Sitio, estar\u00e1 sujeto a las reglas, gu\u00edas, pol\u00edticas, t\u00e9rminos y condiciones aplicables a dicho servicio en particular. <u>Tresesenta estrategia digital<\/u> no se responsabiliza de que el material en este Sitio sea apropiado o est\u00e9 disponible para su uso en otros lugares, estando prohibido su acceso desde territorios donde su contenido sea ilegal. Aquellos que decidan accesar a este Sitio desde otros lugares lo har\u00e1n bajo su propia iniciativa y es su responsabilidad el sujetarse a las leyes locales que sean aplicables. En caso de que el usuario no est\u00e9 de acuerdo con estos t\u00e9rminos, favor abstenerse de usar este Sitio. Cualquier reclamo con relaci\u00f3n a este Sitio y el material en \u00e9l contenido est\u00e1 regulado por las leyes de M\u00e9xico. Estos t\u00e9rminos y condiciones est\u00e1n sujetos a cambios sin previo aviso en cualquier momento, bajo el principio de autonom\u00eda de voluntad de <u>Tresesenta estrategia digital<\/u> y a partir de la fecha de modificaci\u00f3n de estos t\u00e9rminos y condiciones, todas las operaciones que se celebren entre <u>Tresesenta estrategia digital<\/u> y el usuario se regir\u00e1n por el documento modificado.<\/p><p><b>4. LAS DISPOSICIONES<\/b><\/p><p>En caso de que una o m\u00e1s de las disposiciones contenidas en estos T\u00e9rminos y Condiciones sean consideradas nulas, ilegales o ineficaces en cualquier aspecto, la validez, legalidad, exigibilidad o eficacia del resto de las disposiciones aqu\u00ed contenidas no se ver\u00e1n afectadas o anuladas por dicha circunstancia.<\/p><p><b>5. REVISI\u00d3N DE LOS T\u00c9RMINOS<\/b><\/p><p><u>Tresesenta estrategia digital<\/u> puede en cualquier momento revisar estos T\u00e9rminos de Uso aqu\u00ed contenidos, por medio del reajuste de este anuncio. Al usar <a href=\"http:\/\/www.tresesenta.mx\">www.tresesenta.mx<\/a>, el usuario conviene en darse por obligado por cualquiera de tales revisiones, las cuales estar\u00e1n vigentes a partir del momento en que las mismas sean accesibles por los Usuarios, debiendo entonces visitar peri\u00f3dicamente esta p\u00e1gina para determinar los t\u00e9rminos vigentes en ese momento a los cuales el usuario estar\u00e1 obligado en el evento que decida utilizar este Sitio.<\/p>\t\t\t\t\t\t<\/div>\n\t\t\t\t<\/div>\n\t\t\t\t\t<\/div>\n\t\t<\/div>\n\t\t\t\t<div class=\"elementor-column elementor-col-33 elementor-top-column elementor-element elementor-element-1e2ab97\" data-id=\"1e2ab97\" data-element_type=\"column\">\n\t\t\t<div class=\"elementor-widget-wrap\">\n\t\t\t\t\t\t\t\t\t<\/div>\n\t\t<\/div>\n\t\t\t\t\t\t\t<\/div>\n\t\t<\/section>\n\t\t\t\t\t\t\t<\/div>\n\t\t","protected":false},"excerpt":{"rendered":"<p>Estimado cliente y\/o usuario, le recomendamos leer con especial cuidado el presente documento, dado que por el solo hecho de<\/p>\n","protected":false},"author":1,"featured_media":0,"parent":0,"menu_order":0,"comment_status":"closed","ping_status":"closed","template":"elementor_header_footer","meta":{"footnotes":""},"class_list":["post-15817","page","type-page","status-publish","hentry"],"_links":{"self":[{"href":"https:\/\/store4.prototipo.digital\/index.php\/wp-json\/wp\/v2\/pages\/15817","targetHints":{"allow":["GET"]}}],"collection":[{"href":"https:\/\/store4.prototipo.digital\/index.php\/wp-json\/wp\/v2\/pages"}],"about":[{"href":"https:\/\/store4.prototipo.digital\/index.php\/wp-json\/wp\/v2\/types\/page"}],"author":[{"embeddable":true,"href":"https:\/\/store4.prototipo.digital\/index.php\/wp-json\/wp\/v2\/users\/1"}],"replies":[{"embeddable":true,"href":"https:\/\/store4.prototipo.digital\/index.php\/wp-json\/wp\/v2\/comments?post=15817"}],"version-history":[{"count":22,"href":"https:\/\/store4.prototipo.digital\/index.php\/wp-json\/wp\/v2\/pages\/15817\/revisions"}],"predecessor-version":[{"id":16093,"href":"https:\/\/store4.prototipo.digital\/index.php\/wp-json\/wp\/v2\/pages\/15817\/revisions\/16093"}],"wp:attachment":[{"href":"https:\/\/store4.prototipo.digital\/index.php\/wp-json\/wp\/v2\/media?parent=15817"}],"curies":[{"name":"wp","href":"https:\/\/api.w.org\/{rel}","templated":true}]}}