{"id":15826,"date":"2023-08-01T00:26:33","date_gmt":"2023-08-01T00:26:33","guid":{"rendered":"https:\/\/store1.prototipo.digital\/?page_id=15826"},"modified":"2023-08-04T18:53:02","modified_gmt":"2023-08-04T18:53:02","slug":"envios","status":"publish","type":"page","link":"https:\/\/store4.prototipo.digital\/index.php\/envios\/","title":{"rendered":"Pol\u00edtica de Env\u00edo"},"content":{"rendered":"\t\t<div data-elementor-type=\"wp-page\" data-elementor-id=\"15826\" class=\"elementor elementor-15826\" data-elementor-post-type=\"page\">\n\t\t\t\t\t\t\t\t\t<section class=\"wd-negative-gap elementor-section elementor-top-section elementor-element elementor-element-1b2cea7 elementor-section-boxed elementor-section-height-default elementor-section-height-default wd-section-disabled\" data-id=\"1b2cea7\" data-element_type=\"section\">\n\t\t\t\t\t\t<div class=\"elementor-container elementor-column-gap-default\">\n\t\t\t\t\t<div class=\"elementor-column elementor-col-33 elementor-top-column elementor-element elementor-element-f983b16\" data-id=\"f983b16\" data-element_type=\"column\">\n\t\t\t<div class=\"elementor-widget-wrap\">\n\t\t\t\t\t\t\t\t\t<\/div>\n\t\t<\/div>\n\t\t\t\t<div class=\"elementor-column elementor-col-33 elementor-top-column elementor-element elementor-element-95a56c1\" data-id=\"95a56c1\" data-element_type=\"column\">\n\t\t\t<div class=\"elementor-widget-wrap elementor-element-populated\">\n\t\t\t\t\t\t\t\t<div class=\"elementor-element elementor-element-55c31e0 color-scheme-inherit text-left elementor-widget elementor-widget-text-editor\" data-id=\"55c31e0\" data-element_type=\"widget\" data-widget_type=\"text-editor.default\">\n\t\t\t\t<div class=\"elementor-widget-container\">\n\t\t\t<style>\/*! elementor - v3.15.0 - 02-08-2023 *\/\n.elementor-widget-text-editor.elementor-drop-cap-view-stacked .elementor-drop-cap{background-color:#69727d;color:#fff}.elementor-widget-text-editor.elementor-drop-cap-view-framed .elementor-drop-cap{color:#69727d;border:3px solid;background-color:transparent}.elementor-widget-text-editor:not(.elementor-drop-cap-view-default) .elementor-drop-cap{margin-top:8px}.elementor-widget-text-editor:not(.elementor-drop-cap-view-default) .elementor-drop-cap-letter{width:1em;height:1em}.elementor-widget-text-editor .elementor-drop-cap{float:left;text-align:center;line-height:1;font-size:50px}.elementor-widget-text-editor .elementor-drop-cap-letter{display:inline-block}<\/style>\t\t\t\t<p>Tresesenta estrategia digital te lleva tu pedido a la direcci\u00f3n que desees entre 2 y 6 d\u00edas h\u00e1biles, brind\u00e1ndote una cobertura Nacional, a trav\u00e9s de Estafeta.<\/p><p>Env\u00edo gratis por compras superiores a $2,000<br \/><b><br \/>Plazos de entrega<\/b><br \/>La entrega se realizar\u00e1 en la direcci\u00f3n indicada en el momento del checkout a cualquier persona responsable y mayor de edad que se encuentre en el domicilio en el momento de la entrega.<\/p><p>El plazo de entrega para Monterrey y \u00e1rea metropolitana es de 2 d\u00edas h\u00e1biles, para ciudades principales el plazo de entrega es de 3 d\u00edas h\u00e1biles y para el resto del pa\u00eds, entregamos tu pedido en un plazo de hasta 6 d\u00edas h\u00e1biles. El plazo de entrega comenzar\u00e1 a contar a partir de la confirmaci\u00f3n de la compra, para pagos online deber\u00e1 aprobar la transacci\u00f3n de acuerdo con el an\u00e1lisis de los datos, lo cual puede tardar un d\u00eda h\u00e1bil.<\/p><ul><li style=\"list-style-type: none;\"><ul><li>Si tu compra es confirmada antes de las 3p.m. de lunes a viernes, el primer d\u00eda h\u00e1bil es el d\u00eda en que realizas la compra y desde ese d\u00eda empezar\u00e1 a contar el tiempo de entrega.<\/li><li>Si tu compra es confirmada despu\u00e9s de las 3p.m, el tiempo de entrega empezar\u00e1 a contar a partir del siguiente d\u00eda h\u00e1bil de confirmaci\u00f3n de tu compra.<\/li><li>Si realiza una compra un s\u00e1bado, domingo o festivo, el tiempo de entrega empezar\u00e1 a contar a partir del siguiente d\u00eda h\u00e1bil de confirmaci\u00f3n de tu compra.<\/li><\/ul><\/li><\/ul><p>Si al momento de recibir tu pedido notas alguna novedad en el empaque o estado del mismo, esta se debe registrar en el campo de observaciones de la gu\u00eda de transporte.&#8221;<\/p>\t\t\t\t\t\t<\/div>\n\t\t\t\t<\/div>\n\t\t\t\t\t<\/div>\n\t\t<\/div>\n\t\t\t\t<div class=\"elementor-column elementor-col-33 elementor-top-column elementor-element elementor-element-7d8338a\" data-id=\"7d8338a\" data-element_type=\"column\">\n\t\t\t<div class=\"elementor-widget-wrap\">\n\t\t\t\t\t\t\t\t\t<\/div>\n\t\t<\/div>\n\t\t\t\t\t\t\t<\/div>\n\t\t<\/section>\n\t\t\t\t\t\t\t<\/div>\n\t\t","protected":false},"excerpt":{"rendered":"<p>Tresesenta estrategia digital te lleva tu pedido a la direcci\u00f3n que desees entre 2 y 6 d\u00edas h\u00e1biles, brind\u00e1ndote una<\/p>\n","protected":false},"author":1,"featured_media":0,"parent":0,"menu_order":0,"comment_status":"closed","ping_status":"closed","template":"elementor_header_footer","meta":{"footnotes":""},"class_list":["post-15826","page","type-page","status-publish","hentry"],"_links":{"self":[{"href":"https:\/\/store4.prototipo.digital\/index.php\/wp-json\/wp\/v2\/pages\/15826","targetHints":{"allow":["GET"]}}],"collection":[{"href":"https:\/\/store4.prototipo.digital\/index.php\/wp-json\/wp\/v2\/pages"}],"about":[{"href":"https:\/\/store4.prototipo.digital\/index.php\/wp-json\/wp\/v2\/types\/page"}],"author":[{"embeddable":true,"href":"https:\/\/store4.prototipo.digital\/index.php\/wp-json\/wp\/v2\/users\/1"}],"replies":[{"embeddable":true,"href":"https:\/\/store4.prototipo.digital\/index.php\/wp-json\/wp\/v2\/comments?post=15826"}],"version-history":[{"count":22,"href":"https:\/\/store4.prototipo.digital\/index.php\/wp-json\/wp\/v2\/pages\/15826\/revisions"}],"predecessor-version":[{"id":16099,"href":"https:\/\/store4.prototipo.digital\/index.php\/wp-json\/wp\/v2\/pages\/15826\/revisions\/16099"}],"wp:attachment":[{"href":"https:\/\/store4.prototipo.digital\/index.php\/wp-json\/wp\/v2\/media?parent=15826"}],"curies":[{"name":"wp","href":"https:\/\/api.w.org\/{rel}","templated":true}]}}