{"id":16109,"date":"2023-08-04T19:10:44","date_gmt":"2023-08-04T19:10:44","guid":{"rendered":"https:\/\/store1.prototipo.digital\/?page_id=16109"},"modified":"2023-08-04T19:22:12","modified_gmt":"2023-08-04T19:22:12","slug":"preguntas-frecuentes","status":"publish","type":"page","link":"https:\/\/store4.prototipo.digital\/index.php\/preguntas-frecuentes\/","title":{"rendered":"Preguntas Frecuentes"},"content":{"rendered":"\t\t<div data-elementor-type=\"wp-page\" data-elementor-id=\"16109\" class=\"elementor elementor-16109\" data-elementor-post-type=\"page\">\n\t\t\t\t\t\t\t\t\t<section class=\"wd-negative-gap elementor-section elementor-top-section elementor-element elementor-element-cbac954 elementor-section-boxed elementor-section-height-default elementor-section-height-default wd-section-disabled\" data-id=\"cbac954\" data-element_type=\"section\">\n\t\t\t\t\t\t<div class=\"elementor-container elementor-column-gap-default\">\n\t\t\t\t\t<div class=\"elementor-column elementor-col-33 elementor-top-column elementor-element elementor-element-5f63f0c\" data-id=\"5f63f0c\" data-element_type=\"column\">\n\t\t\t<div class=\"elementor-widget-wrap\">\n\t\t\t\t\t\t\t\t\t<\/div>\n\t\t<\/div>\n\t\t\t\t<div class=\"elementor-column elementor-col-33 elementor-top-column elementor-element elementor-element-340fb37\" data-id=\"340fb37\" data-element_type=\"column\">\n\t\t\t<div class=\"elementor-widget-wrap elementor-element-populated\">\n\t\t\t\t\t\t\t\t<div class=\"elementor-element elementor-element-2208890 elementor-widget elementor-widget-wd_title\" data-id=\"2208890\" data-element_type=\"widget\" data-widget_type=\"wd_title.default\">\n\t\t\t\t<div class=\"elementor-widget-container\">\n\t\t\t\t\t<div class=\"title-wrapper set-mb-s reset-last-child wd-title-color-default wd-title-style-default wd-title-size-default text-center\">\n\n\t\t\t\t\t\t\t<div class=\"title-subtitle subtitle-color-default subtitle-style-default wd-fontsize-xs\">\n\t\t\t\t\tPREGUNTAS DE INFORMACI\u00d3N\t\t\t\t<\/div>\n\t\t\t\n\t\t\t<div class=\"liner-continer\">\n\t\t\t\t<h4 class=\"woodmart-title-container title wd-fontsize-l\">PREGUNTAS FRECUENTES<\/h4> \n\t\t\t\t\t\t\t<\/div>\n\n\t\t\t\t\t<\/div>\n\t\t\t\t<\/div>\n\t\t\t\t<\/div>\n\t\t\t\t<div class=\"elementor-element elementor-element-834027d elementor-widget elementor-widget-accordion\" data-id=\"834027d\" data-element_type=\"widget\" data-widget_type=\"accordion.default\">\n\t\t\t\t<div class=\"elementor-widget-container\">\n\t\t\t<style>.elementor-accordion{text-align:left}.elementor-accordion .elementor-accordion-item{border:1px solid #d5d8dc}.elementor-accordion .elementor-accordion-item+.elementor-accordion-item{border-top:none}.elementor-accordion .elementor-tab-title{margin:0;padding:15px 20px;font-weight:700;line-height:1;cursor:pointer;outline:none}.elementor-accordion .elementor-tab-title .elementor-accordion-icon{display:inline-block;width:1.5em}.elementor-accordion .elementor-tab-title .elementor-accordion-icon svg{width:1em;height:1em}.elementor-accordion .elementor-tab-title .elementor-accordion-icon.elementor-accordion-icon-right{float:right;text-align:right}.elementor-accordion .elementor-tab-title .elementor-accordion-icon.elementor-accordion-icon-left{float:left;text-align:left}.elementor-accordion .elementor-tab-title .elementor-accordion-icon .elementor-accordion-icon-closed{display:block}.elementor-accordion .elementor-tab-title .elementor-accordion-icon .elementor-accordion-icon-opened,.elementor-accordion .elementor-tab-title.elementor-active .elementor-accordion-icon-closed{display:none}.elementor-accordion .elementor-tab-title.elementor-active .elementor-accordion-icon-opened{display:block}.elementor-accordion .elementor-tab-content{display:none;padding:15px 20px;border-top:1px solid #d5d8dc}@media (max-width:767px){.elementor-accordion .elementor-tab-title{padding:12px 15px}.elementor-accordion .elementor-tab-title .elementor-accordion-icon{width:1.2em}.elementor-accordion .elementor-tab-content{padding:7px 15px}}.e-con-inner>.elementor-widget-accordion,.e-con>.elementor-widget-accordion{width:var(--container-widget-width);--flex-grow:var(--container-widget-flex-grow)}<\/style>\t\t<div class=\"elementor-accordion\">\n\t\t\t\t\t\t\t<div class=\"elementor-accordion-item\">\n\t\t\t\t\t<div id=\"elementor-tab-title-1371\" class=\"elementor-tab-title\" data-tab=\"1\" role=\"button\" aria-controls=\"elementor-tab-content-1371\" aria-expanded=\"false\">\n\t\t\t\t\t\t\t\t\t\t\t\t\t<span class=\"elementor-accordion-icon elementor-accordion-icon-left\" aria-hidden=\"true\">\n\t\t\t\t\t\t\t\t\t\t\t\t\t\t\t<span class=\"elementor-accordion-icon-closed\"><i class=\"fas fa-plus\"><\/i><\/span>\n\t\t\t\t\t\t\t\t<span class=\"elementor-accordion-icon-opened\"><i class=\"fas fa-chevron-up\"><\/i><\/span>\n\t\t\t\t\t\t\t\t\t\t\t\t\t\t<\/span>\n\t\t\t\t\t\t\t\t\t\t\t\t<a class=\"elementor-accordion-title\" tabindex=\"0\">\u00bfComo comprar?<\/a>\n\t\t\t\t\t<\/div>\n\t\t\t\t\t<div id=\"elementor-tab-content-1371\" class=\"elementor-tab-content elementor-clearfix\" data-tab=\"1\" role=\"region\" aria-labelledby=\"elementor-tab-title-1371\"><p><span lang=\"en-US\">Comprar en <\/span><span lang=\"en-US\">tresesenta.mx<\/span><span lang=\"en-US\"> es muy sencillo, s\u00f3lo debes seguir los siguientes pasos.<\/span><\/p><p><span lang=\"en-US\">1. Ingresa a dominio.com<\/span><\/p><p><span lang=\"en-US\">2. Usa nuestro men\u00fa en la parte superior de la p\u00e1gina para navegar a trav\u00e9s de las categor\u00edas o utiliza la barra de b\u00fasqueda para buscar alg\u00fan producto o categor\u00eda espec\u00edfica.<\/span><\/p><p><span lang=\"en-US\">3. Una vez escojas el producto que quieres comprar, selecciona la talla y el color (si aplica) y agr\u00e9galo a tu carrito de compras dando clic en el bot\u00f3n COMPRAR. Puedes seguir navegando en nuestra p\u00e1gina y de la misma manera seguir adicionando otros productos a tu carrito de compras.<\/span><\/p><p><span lang=\"en-US\">4. Una vez hayas elegido los productos que quieres comprar, ve al carrito de compras que est\u00e1 en la parte superior derecha y verifica el resumen de los productos que vas a comprar.<\/span><\/p><p><span lang=\"en-US\">5. Si tienes un Cup\u00f3n de Descuento lo debes ingresar en este momento en el link \u201cIngresar Cup\u00f3n de Descuento\u201d.<\/span><\/p><p><span lang=\"en-US\">6. Despu\u00e9s de revisar los productos que quieres comprar, haz clic en Finalizar Compra.<br \/>7. Posteriormente debes ingresar tu correo electr\u00f3nico, diligenciar tus datos personales y dar clic en \u201cInformaci\u00f3n de entrega\u201d, posteriormente ingresa los datos de env\u00edo (direcci\u00f3n y ciudad) y selecciona la opci\u00f3n \u201crealizar Pago\u201d luego selecciona el medio de pago. Puedes elegir entre Tarjeta de Cr\u00e9dito y Pypal (tarjeta d\u00e9bito, cuenta de ahorros o cuenta corriente).<br \/>8. Si tienes un Cup\u00f3n de Regalo ingresa el c\u00f3digo en la opci\u00f3n \u201cUtilizar cup\u00f3n de regalo\u201d; y autom\u00e1ticamente se descontar\u00e1 la cantidad establecida en el valor total de la compra. Escribe correctamente el c\u00f3digo del cup\u00f3n, respeta las may\u00fasculas, min\u00fasculas y los n\u00fameros.<br \/>9. Verifica el registro de tu compra y espera el correo de confirmaci\u00f3n. Una vez despachemos tu compra, recibir\u00e1s un correo con n\u00famero de gu\u00eda, para que puedas hacer seguimiento a tu pedido.<\/span><\/p><\/div>\n\t\t\t\t<\/div>\n\t\t\t\t\t\t\t<div class=\"elementor-accordion-item\">\n\t\t\t\t\t<div id=\"elementor-tab-title-1372\" class=\"elementor-tab-title\" data-tab=\"2\" role=\"button\" aria-controls=\"elementor-tab-content-1372\" aria-expanded=\"false\">\n\t\t\t\t\t\t\t\t\t\t\t\t\t<span class=\"elementor-accordion-icon elementor-accordion-icon-left\" aria-hidden=\"true\">\n\t\t\t\t\t\t\t\t\t\t\t\t\t\t\t<span class=\"elementor-accordion-icon-closed\"><i class=\"fas fa-plus\"><\/i><\/span>\n\t\t\t\t\t\t\t\t<span class=\"elementor-accordion-icon-opened\"><i class=\"fas fa-chevron-up\"><\/i><\/span>\n\t\t\t\t\t\t\t\t\t\t\t\t\t\t<\/span>\n\t\t\t\t\t\t\t\t\t\t\t\t<a class=\"elementor-accordion-title\" tabindex=\"0\">\u00bfCu\u00e1l es el tiempo y el costo del env\u00edo?<\/a>\n\t\t\t\t\t<\/div>\n\t\t\t\t\t<div id=\"elementor-tab-content-1372\" class=\"elementor-tab-content elementor-clearfix\" data-tab=\"2\" role=\"region\" aria-labelledby=\"elementor-tab-title-1372\"><p><span lang=\"en-US\">tresesenta<\/span><span lang=\"en-US\">.<\/span><span lang=\"en-US\">mx<\/span><span lang=\"en-US\"> te lleva tu pedido a la direcci\u00f3n que desees entre 2 y 6 d\u00edas h\u00e1biles, brind\u00e1ndote una cobertura en todos los estados de M\u00e9xico, a trav\u00e9s de Estafeta. Env\u00edo gratis por compras superiores a $2,000.<\/span><\/p><p><span lang=\"en-US\">La entrega se realizar\u00e1 en la direcci\u00f3n indicada en el momento del checkout a cualquier persona responsable y mayor de edad que se encuentre en el domicilio en el momento de la entrega.<\/span><\/p><p><span lang=\"en-US\">El plazo de entrega para M\u00e9xico es de 6 d\u00edas h\u00e1biles, para ciudades principales el plazo de entrega es de 6 d\u00edas h\u00e1biles y para el resto del pa\u00eds, entregamos tu pedido en un plazo de hasta 6 d\u00edas h\u00e1biles. El plazo de entrega comenzar\u00e1 a contar a partir de la confirmaci\u00f3n de la compra, para pagos con Tarjeta de Cr\u00e9dito y D\u00e9bito\/PSE Pagosonline deber\u00e1 aprobar la transacci\u00f3n de acuerdo con el an\u00e1lisis de los datos, lo cual puede tardar un d\u00eda h\u00e1bil.<\/span><\/p><p><span lang=\"en-US\">Si tu compra es confirmada antes de las 3p.m. de lunes a viernes, el primer d\u00eda h\u00e1bil es el d\u00eda en que realizas la compra y desde ese d\u00eda empezar\u00e1 a contar el tiempo de entrega.<\/span><\/p><p><span lang=\"en-US\">Si tu compra es confirmada despu\u00e9s de las 3p.m, el tiempo de entrega empezar\u00e1 a contar a partir del siguiente d\u00eda h\u00e1bil de confirmaci\u00f3n de tu compra.<\/span><\/p><p><span lang=\"en-US\">Si realiza una compra un s\u00e1bado, domingo o festivo, el tiempo de entrega empezar\u00e1 a contar a partir del siguiente d\u00eda h\u00e1bil de confirmaci\u00f3n de tu compra.<\/span><\/p><p><span lang=\"en-US\">Si al momento de recibir tu pedido notas alguna novedad en el empaque o estado del mismo, esta se debe registrar en el campo de observaciones de la gu\u00eda de transporte&#8221;.<\/span><\/p><\/div>\n\t\t\t\t<\/div>\n\t\t\t\t\t\t\t<div class=\"elementor-accordion-item\">\n\t\t\t\t\t<div id=\"elementor-tab-title-1373\" class=\"elementor-tab-title\" data-tab=\"3\" role=\"button\" aria-controls=\"elementor-tab-content-1373\" aria-expanded=\"false\">\n\t\t\t\t\t\t\t\t\t\t\t\t\t<span class=\"elementor-accordion-icon elementor-accordion-icon-left\" aria-hidden=\"true\">\n\t\t\t\t\t\t\t\t\t\t\t\t\t\t\t<span class=\"elementor-accordion-icon-closed\"><i class=\"fas fa-plus\"><\/i><\/span>\n\t\t\t\t\t\t\t\t<span class=\"elementor-accordion-icon-opened\"><i class=\"fas fa-chevron-up\"><\/i><\/span>\n\t\t\t\t\t\t\t\t\t\t\t\t\t\t<\/span>\n\t\t\t\t\t\t\t\t\t\t\t\t<a class=\"elementor-accordion-title\" tabindex=\"0\">\u00bfC\u00f3mo puedo devolver un art\u00edculo?<\/a>\n\t\t\t\t\t<\/div>\n\t\t\t\t\t<div id=\"elementor-tab-content-1373\" class=\"elementor-tab-content elementor-clearfix\" data-tab=\"3\" role=\"region\" aria-labelledby=\"elementor-tab-title-1373\"><p>Si no est\u00e1s para recibir tu pedido y es una orden pagada con Paypal o Transferencia, la transportadora puede dejar tu producto con cualquier persona responsable y mayor de edad que se encuentre en el domicilio registrado en el momento de la compra. Si no hay nadie para recibir el producto realizaremos un segundo intento de entrega el siguiente d\u00eda h\u00e1bil.<\/p><\/div>\n\t\t\t\t<\/div>\n\t\t\t\t\t\t\t<div class=\"elementor-accordion-item\">\n\t\t\t\t\t<div id=\"elementor-tab-title-1374\" class=\"elementor-tab-title\" data-tab=\"4\" role=\"button\" aria-controls=\"elementor-tab-content-1374\" aria-expanded=\"false\">\n\t\t\t\t\t\t\t\t\t\t\t\t\t<span class=\"elementor-accordion-icon elementor-accordion-icon-left\" aria-hidden=\"true\">\n\t\t\t\t\t\t\t\t\t\t\t\t\t\t\t<span class=\"elementor-accordion-icon-closed\"><i class=\"fas fa-plus\"><\/i><\/span>\n\t\t\t\t\t\t\t\t<span class=\"elementor-accordion-icon-opened\"><i class=\"fas fa-chevron-up\"><\/i><\/span>\n\t\t\t\t\t\t\t\t\t\t\t\t\t\t<\/span>\n\t\t\t\t\t\t\t\t\t\t\t\t<a class=\"elementor-accordion-title\" tabindex=\"0\">\u00bfQu\u00e9 hago si mi producto no es el que ped\u00ed?<\/a>\n\t\t\t\t\t<\/div>\n\t\t\t\t\t<div id=\"elementor-tab-content-1374\" class=\"elementor-tab-content elementor-clearfix\" data-tab=\"4\" role=\"region\" aria-labelledby=\"elementor-tab-title-1374\"><p>Si no recibes el producto que ordenaste, cont\u00e1ctate con nuestro departamento de Servicio al cliente para realizar tu devoluci\u00f3n. Es importante que nos contactes tan pronto, lo recibes y lo cambiaremos por el art\u00edculo correcto. Recuerda que el cambio no tiene ning\u00fan costo adicional.<\/p><\/div>\n\t\t\t\t<\/div>\n\t\t\t\t\t\t\t<div class=\"elementor-accordion-item\">\n\t\t\t\t\t<div id=\"elementor-tab-title-1375\" class=\"elementor-tab-title\" data-tab=\"5\" role=\"button\" aria-controls=\"elementor-tab-content-1375\" aria-expanded=\"false\">\n\t\t\t\t\t\t\t\t\t\t\t\t\t<span class=\"elementor-accordion-icon elementor-accordion-icon-left\" aria-hidden=\"true\">\n\t\t\t\t\t\t\t\t\t\t\t\t\t\t\t<span class=\"elementor-accordion-icon-closed\"><i class=\"fas fa-plus\"><\/i><\/span>\n\t\t\t\t\t\t\t\t<span class=\"elementor-accordion-icon-opened\"><i class=\"fas fa-chevron-up\"><\/i><\/span>\n\t\t\t\t\t\t\t\t\t\t\t\t\t\t<\/span>\n\t\t\t\t\t\t\t\t\t\t\t\t<a class=\"elementor-accordion-title\" tabindex=\"0\">\u00bfQu\u00e9 hago si no estaba en el momento de la entrega?<\/a>\n\t\t\t\t\t<\/div>\n\t\t\t\t\t<div id=\"elementor-tab-content-1375\" class=\"elementor-tab-content elementor-clearfix\" data-tab=\"5\" role=\"region\" aria-labelledby=\"elementor-tab-title-1375\">Si no est\u00e1s para recibir tu pedido y es una orden pagada con Paypal o Transferencia, la transportadora puede dejar tu producto con cualquier persona responsable y mayor de edad que se encuentre en el domicilio registrado en el momento de la compra. Si no hay nadie para recibir el producto realizaremos un segundo intento de entrega el siguiente d\u00eda h\u00e1bil.<\/div>\n\t\t\t\t<\/div>\n\t\t\t\t\t\t\t<div class=\"elementor-accordion-item\">\n\t\t\t\t\t<div id=\"elementor-tab-title-1376\" class=\"elementor-tab-title\" data-tab=\"6\" role=\"button\" aria-controls=\"elementor-tab-content-1376\" aria-expanded=\"false\">\n\t\t\t\t\t\t\t\t\t\t\t\t\t<span class=\"elementor-accordion-icon elementor-accordion-icon-left\" aria-hidden=\"true\">\n\t\t\t\t\t\t\t\t\t\t\t\t\t\t\t<span class=\"elementor-accordion-icon-closed\"><i class=\"fas fa-plus\"><\/i><\/span>\n\t\t\t\t\t\t\t\t<span class=\"elementor-accordion-icon-opened\"><i class=\"fas fa-chevron-up\"><\/i><\/span>\n\t\t\t\t\t\t\t\t\t\t\t\t\t\t<\/span>\n\t\t\t\t\t\t\t\t\t\t\t\t<a class=\"elementor-accordion-title\" tabindex=\"0\">\u00bfTresesenta Shop hace entregas internacionales?<\/a>\n\t\t\t\t\t<\/div>\n\t\t\t\t\t<div id=\"elementor-tab-content-1376\" class=\"elementor-tab-content elementor-clearfix\" data-tab=\"6\" role=\"region\" aria-labelledby=\"elementor-tab-title-1376\">Tresesenta Shop no realiza entregas fuera de M\u00e9xico.<\/div>\n\t\t\t\t<\/div>\n\t\t\t\t\t\t\t<div class=\"elementor-accordion-item\">\n\t\t\t\t\t<div id=\"elementor-tab-title-1377\" class=\"elementor-tab-title\" data-tab=\"7\" role=\"button\" aria-controls=\"elementor-tab-content-1377\" aria-expanded=\"false\">\n\t\t\t\t\t\t\t\t\t\t\t\t\t<span class=\"elementor-accordion-icon elementor-accordion-icon-left\" aria-hidden=\"true\">\n\t\t\t\t\t\t\t\t\t\t\t\t\t\t\t<span class=\"elementor-accordion-icon-closed\"><i class=\"fas fa-plus\"><\/i><\/span>\n\t\t\t\t\t\t\t\t<span class=\"elementor-accordion-icon-opened\"><i class=\"fas fa-chevron-up\"><\/i><\/span>\n\t\t\t\t\t\t\t\t\t\t\t\t\t\t<\/span>\n\t\t\t\t\t\t\t\t\t\t\t\t<a class=\"elementor-accordion-title\" tabindex=\"0\">\u00bfEs seguro comprar en la Tienda Tresesenta Shop?<\/a>\n\t\t\t\t\t<\/div>\n\t\t\t\t\t<div id=\"elementor-tab-content-1377\" class=\"elementor-tab-content elementor-clearfix\" data-tab=\"7\" role=\"region\" aria-labelledby=\"elementor-tab-title-1377\">Comprar en la nuestra tienda online es sencillo y tambi\u00e9n muy seguro. Contamos con la plataforma de Paypal, la cual tiene altas medidas de seguridad. Adem\u00e1s, la informaci\u00f3n personal que proporciones para realizar tu pago es totalmente confidencial.<\/div>\n\t\t\t\t<\/div>\n\t\t\t\t\t\t\t<div class=\"elementor-accordion-item\">\n\t\t\t\t\t<div id=\"elementor-tab-title-1378\" class=\"elementor-tab-title\" data-tab=\"8\" role=\"button\" aria-controls=\"elementor-tab-content-1378\" aria-expanded=\"false\">\n\t\t\t\t\t\t\t\t\t\t\t\t\t<span class=\"elementor-accordion-icon elementor-accordion-icon-left\" aria-hidden=\"true\">\n\t\t\t\t\t\t\t\t\t\t\t\t\t\t\t<span class=\"elementor-accordion-icon-closed\"><i class=\"fas fa-plus\"><\/i><\/span>\n\t\t\t\t\t\t\t\t<span class=\"elementor-accordion-icon-opened\"><i class=\"fas fa-chevron-up\"><\/i><\/span>\n\t\t\t\t\t\t\t\t\t\t\t\t\t\t<\/span>\n\t\t\t\t\t\t\t\t\t\t\t\t<a class=\"elementor-accordion-title\" tabindex=\"0\">\u00bfD\u00f3nde me puedo comunicar en caso de que mi pedido se demore m\u00e1s de lo normal en ser entregado?<\/a>\n\t\t\t\t\t<\/div>\n\t\t\t\t\t<div id=\"elementor-tab-content-1378\" class=\"elementor-tab-content elementor-clearfix\" data-tab=\"8\" role=\"region\" aria-labelledby=\"elementor-tab-title-1378\">Escr\u00edbenos a soporte@tresesenta.mx, si lo prefieres comun\u00edcate con nuestra l\u00ednea de servicio al cliente en Saltillo numerodetelefono o a la l\u00ednea gratuita nacional 018000510203 y resolveremos tus inquietudes.<\/div>\n\t\t\t\t<\/div>\n\t\t\t\t\t\t\t\t<\/div>\n\t\t\t\t<\/div>\n\t\t\t\t<\/div>\n\t\t\t\t\t<\/div>\n\t\t<\/div>\n\t\t\t\t<div class=\"elementor-column elementor-col-33 elementor-top-column elementor-element elementor-element-522a3de\" data-id=\"522a3de\" data-element_type=\"column\">\n\t\t\t<div class=\"elementor-widget-wrap\">\n\t\t\t\t\t\t\t\t\t<\/div>\n\t\t<\/div>\n\t\t\t\t\t\t\t<\/div>\n\t\t<\/section>\n\t\t\t\t\t\t\t<\/div>\n\t\t","protected":false},"excerpt":{"rendered":"<p>PREGUNTAS DE INFORMACI\u00d3N PREGUNTAS FRECUENTES \u00bfComo comprar? Comprar en tresesenta.mx es muy sencillo, s\u00f3lo debes seguir los siguientes pasos. 1.<\/p>\n","protected":false},"author":1,"featured_media":0,"parent":0,"menu_order":0,"comment_status":"closed","ping_status":"closed","template":"elementor_header_footer","meta":{"footnotes":""},"class_list":["post-16109","page","type-page","status-publish","hentry"],"_links":{"self":[{"href":"https:\/\/store4.prototipo.digital\/index.php\/wp-json\/wp\/v2\/pages\/16109","targetHints":{"allow":["GET"]}}],"collection":[{"href":"https:\/\/store4.prototipo.digital\/index.php\/wp-json\/wp\/v2\/pages"}],"about":[{"href":"https:\/\/store4.prototipo.digital\/index.php\/wp-json\/wp\/v2\/types\/page"}],"author":[{"embeddable":true,"href":"https:\/\/store4.prototipo.digital\/index.php\/wp-json\/wp\/v2\/users\/1"}],"replies":[{"embeddable":true,"href":"https:\/\/store4.prototipo.digital\/index.php\/wp-json\/wp\/v2\/comments?post=16109"}],"version-history":[{"count":4,"href":"https:\/\/store4.prototipo.digital\/index.php\/wp-json\/wp\/v2\/pages\/16109\/revisions"}],"predecessor-version":[{"id":16113,"href":"https:\/\/store4.prototipo.digital\/index.php\/wp-json\/wp\/v2\/pages\/16109\/revisions\/16113"}],"wp:attachment":[{"href":"https:\/\/store4.prototipo.digital\/index.php\/wp-json\/wp\/v2\/media?parent=16109"}],"curies":[{"name":"wp","href":"https:\/\/api.w.org\/{rel}","templated":true}]}}