{"id":232,"date":"2021-08-26T14:39:51","date_gmt":"2021-08-26T14:39:51","guid":{"rendered":"http:\/\/dummy.xtemos.com\/woodmart2\/elementor\/?post_type=product&#038;p=232"},"modified":"2023-08-15T17:01:19","modified_gmt":"2023-08-15T17:01:19","slug":"mermelada-de-pina-y-jengibre","status":"publish","type":"product","link":"https:\/\/store4.prototipo.digital\/index.php\/producto\/mermelada-de-pina-y-jengibre\/","title":{"rendered":"Mermelada de Pi\u00f1a y Jengibre"},"content":{"rendered":"\t\t<div data-elementor-type=\"wp-post\" data-elementor-id=\"232\" class=\"elementor elementor-232\" data-elementor-post-type=\"product\">\n\t\t\t\t\t\t\t\t\t<section class=\"wd-negative-gap elementor-section elementor-top-section elementor-element elementor-element-3997d6e4 elementor-section-content-middle elementor-section-boxed elementor-section-height-default elementor-section-height-default wd-section-disabled\" data-id=\"3997d6e4\" data-element_type=\"section\">\n\t\t\t\t\t\t<div class=\"elementor-container elementor-column-gap-default\">\n\t\t\t\t\t<div class=\"elementor-column elementor-col-100 elementor-top-column elementor-element elementor-element-604104\" data-id=\"604104\" data-element_type=\"column\">\n\t\t\t<div class=\"elementor-widget-wrap elementor-element-populated\">\n\t\t\t\t\t\t\t\t<div class=\"elementor-element elementor-element-5dccf87 color-scheme-inherit text-left elementor-widget elementor-widget-text-editor\" data-id=\"5dccf87\" data-element_type=\"widget\" data-widget_type=\"text-editor.default\">\n\t\t\t\t<div class=\"elementor-widget-container\">\n\t\t\t<style>\/*! elementor - v3.15.0 - 02-08-2023 *\/\n.elementor-widget-text-editor.elementor-drop-cap-view-stacked .elementor-drop-cap{background-color:#69727d;color:#fff}.elementor-widget-text-editor.elementor-drop-cap-view-framed .elementor-drop-cap{color:#69727d;border:3px solid;background-color:transparent}.elementor-widget-text-editor:not(.elementor-drop-cap-view-default) .elementor-drop-cap{margin-top:8px}.elementor-widget-text-editor:not(.elementor-drop-cap-view-default) .elementor-drop-cap-letter{width:1em;height:1em}.elementor-widget-text-editor .elementor-drop-cap{float:left;text-align:center;line-height:1;font-size:50px}.elementor-widget-text-editor .elementor-drop-cap-letter{display:inline-block}<\/style>\t\t\t\t<p>Sum\u00e9rgete en la experiencia tropical de nuestra mermelada de pi\u00f1a con jengibre, una deliciosa combinaci\u00f3n que invita a tus sentidos a un viaje ex\u00f3tico. Cada tarro est\u00e1 repleto de jugosas pi\u00f1as, seleccionadas en su punto \u00f3ptimo de madurez, para capturar la dulzura natural y el sabor vibrante de esta fruta tropical.<\/p><p>Pero lo que realmente distingue a esta mermelada es el toque sutil y picante del jengibre fresco. Esta combinaci\u00f3n inesperada despierta las papilas gustativas con su contrapunto especiado, a\u00f1adiendo profundidad y complejidad al sabor. El jengibre no s\u00f3lo complementa la dulzura de la pi\u00f1a, sino que realza su frescura, resultando en una mermelada que es tanto reconfortante como revitalizante.<\/p>\t\t\t\t\t\t<\/div>\n\t\t\t\t<\/div>\n\t\t\t\t\t<\/div>\n\t\t<\/div>\n\t\t\t\t\t\t\t<\/div>\n\t\t<\/section>\n\t\t\t\t\t\t\t<\/div>\n\t\t","protected":false},"excerpt":{"rendered":"<p>Una combinaci\u00f3n \u00fanica y deliciosa de pi\u00f1a tropical con un toque de jengibre picante. Nuestra mermelada es perfecta para untar en panes, galletas o acompa\u00f1ar tus platos favoritos.<\/p>\n","protected":false},"featured_media":5147,"template":"","meta":[],"product_cat":[29],"product_tag":[],"class_list":["post-232","product","type-product","status-publish","has-post-thumbnail","hentry","product_cat-otros"],"_links":{"self":[{"href":"https:\/\/store4.prototipo.digital\/index.php\/wp-json\/wp\/v2\/product\/232","targetHints":{"allow":["GET"]}}],"collection":[{"href":"https:\/\/store4.prototipo.digital\/index.php\/wp-json\/wp\/v2\/product"}],"about":[{"href":"https:\/\/store4.prototipo.digital\/index.php\/wp-json\/wp\/v2\/types\/product"}],"version-history":[{"count":12,"href":"https:\/\/store4.prototipo.digital\/index.php\/wp-json\/wp\/v2\/product\/232\/revisions"}],"predecessor-version":[{"id":16127,"href":"https:\/\/store4.prototipo.digital\/index.php\/wp-json\/wp\/v2\/product\/232\/revisions\/16127"}],"wp:featuredmedia":[{"embeddable":true,"href":"https:\/\/store4.prototipo.digital\/index.php\/wp-json\/wp\/v2\/media\/5147"}],"wp:attachment":[{"href":"https:\/\/store4.prototipo.digital\/index.php\/wp-json\/wp\/v2\/media?parent=232"}],"wp:term":[{"taxonomy":"product_cat","embeddable":true,"href":"https:\/\/store4.prototipo.digital\/index.php\/wp-json\/wp\/v2\/product_cat?post=232"},{"taxonomy":"product_tag","embeddable":true,"href":"https:\/\/store4.prototipo.digital\/index.php\/wp-json\/wp\/v2\/product_tag?post=232"}],"curies":[{"name":"wp","href":"https:\/\/api.w.org\/{rel}","templated":true}]}}