{"id":300,"date":"2021-08-26T16:17:37","date_gmt":"2021-08-26T16:17:37","guid":{"rendered":"http:\/\/dummy.xtemos.com\/woodmart2\/elementor\/?post_type=product&#038;p=300"},"modified":"2023-08-15T17:08:36","modified_gmt":"2023-08-15T17:08:36","slug":"te-de-bergamota","status":"publish","type":"product","link":"https:\/\/store4.prototipo.digital\/index.php\/producto\/te-de-bergamota\/","title":{"rendered":"T\u00e9 de Bergamota"},"content":{"rendered":"\t\t<div data-elementor-type=\"wp-post\" data-elementor-id=\"300\" class=\"elementor elementor-300\" data-elementor-post-type=\"product\">\n\t\t\t\t\t\t\t\t\t<section class=\"wd-negative-gap elementor-section elementor-top-section elementor-element elementor-element-df49968 elementor-section-boxed elementor-section-height-default elementor-section-height-default wd-section-disabled\" data-id=\"df49968\" data-element_type=\"section\">\n\t\t\t\t\t\t<div class=\"elementor-container elementor-column-gap-default\">\n\t\t\t\t\t<div class=\"elementor-column elementor-col-100 elementor-top-column elementor-element elementor-element-66f860d\" data-id=\"66f860d\" data-element_type=\"column\">\n\t\t\t<div class=\"elementor-widget-wrap elementor-element-populated\">\n\t\t\t\t\t\t\t\t<div class=\"elementor-element elementor-element-2a51f7c elementor-widget elementor-widget-wd_text_block\" data-id=\"2a51f7c\" data-element_type=\"widget\" data-widget_type=\"wd_text_block.default\">\n\t\t\t\t<div class=\"elementor-widget-container\">\n\t\t\t\t\t<div class=\"wd-text-block reset-last-child text-left\">\n\t\t\t\n\t\t\t<p>El t\u00e9 de bergamota, tambi\u00e9n conocido como t\u00e9 Earl Grey, es una variedad de t\u00e9 negro o t\u00e9 verde aromatizado con aceite esencial de bergamota. La bergamota es una peque\u00f1a fruta c\u00edtrica que se asemeja a una naranja peque\u00f1a y que es originaria de la regi\u00f3n de Calabria en Italia.<\/p><p>Caracter\u00edsticas del t\u00e9 de bergamota:<\/p><p><strong>Aroma y sabor:<\/strong> El aceite de bergamota aporta al t\u00e9 un aroma c\u00edtrico y floral distintivo, con notas de bergamota que le dan un sabor \u00fanico y refrescante. La intensidad del sabor y aroma puede variar seg\u00fan la cantidad de bergamota utilizada en la mezcla.<\/p><p><strong>Variedades:<\/strong> El t\u00e9 de bergamota puede basarse en diferentes tipos de t\u00e9, siendo las m\u00e1s comunes el t\u00e9 negro y el t\u00e9 verde. Sin embargo, tambi\u00e9n hay versiones de t\u00e9 blanco y t\u00e9 oolong con sabor a bergamota.<\/p><p><strong>Origen del nombre Earl Grey:<\/strong> El t\u00e9 de bergamota se conoce com\u00fanmente como t\u00e9 Earl Grey debido al nombre de Charles Grey, el segundo conde de Grey, quien supuestamente recibi\u00f3 una mezcla de t\u00e9 con aroma de bergamota como regalo en el siglo XIX. Aunque no hay evidencia definitiva de que el conde de Grey haya estado asociado con la creaci\u00f3n de este t\u00e9, el nombre se populariz\u00f3 y se ha mantenido hasta el d\u00eda de hoy.<\/p><p><strong>Beneficios para la salud:<\/strong> El t\u00e9 de bergamota tiene beneficios similares a otros tipos de t\u00e9. Contiene antioxidantes que pueden ayudar a proteger las c\u00e9lulas del da\u00f1o causado por los radicales libres y mantener un sistema inmunol\u00f3gico saludable. Adem\u00e1s, algunos estudios sugieren que el t\u00e9 de bergamota podr\u00eda ayudar a mejorar la salud cardiovascular y el metabolismo.<\/p><p><strong>Consumo:<\/strong> El t\u00e9 de bergamota se puede disfrutar tanto caliente como fr\u00edo, y es com\u00fanmente acompa\u00f1ado de leche, az\u00facar o miel, seg\u00fan las preferencias personales.<\/p>\n\t\t\t\t\t<\/div>\n\t\t\t\t<\/div>\n\t\t\t\t<\/div>\n\t\t\t\t\t<\/div>\n\t\t<\/div>\n\t\t\t\t\t\t\t<\/div>\n\t\t<\/section>\n\t\t\t\t\t\t\t<\/div>\n\t\t","protected":false},"excerpt":{"rendered":"<p>Deleita tus sentidos con el aroma y sabor distintivo de nuestro t\u00e9 de bergamota. Una infusi\u00f3n suave y arom\u00e1tica que te envolver\u00e1 en un momento de relajaci\u00f3n.<\/p>\n","protected":false},"featured_media":5145,"template":"","meta":[],"product_cat":[53],"product_tag":[],"class_list":["post-300","product","type-product","status-publish","has-post-thumbnail","hentry","product_cat-te"],"_links":{"self":[{"href":"https:\/\/store4.prototipo.digital\/index.php\/wp-json\/wp\/v2\/product\/300","targetHints":{"allow":["GET"]}}],"collection":[{"href":"https:\/\/store4.prototipo.digital\/index.php\/wp-json\/wp\/v2\/product"}],"about":[{"href":"https:\/\/store4.prototipo.digital\/index.php\/wp-json\/wp\/v2\/types\/product"}],"version-history":[{"count":6,"href":"https:\/\/store4.prototipo.digital\/index.php\/wp-json\/wp\/v2\/product\/300\/revisions"}],"predecessor-version":[{"id":16048,"href":"https:\/\/store4.prototipo.digital\/index.php\/wp-json\/wp\/v2\/product\/300\/revisions\/16048"}],"wp:featuredmedia":[{"embeddable":true,"href":"https:\/\/store4.prototipo.digital\/index.php\/wp-json\/wp\/v2\/media\/5145"}],"wp:attachment":[{"href":"https:\/\/store4.prototipo.digital\/index.php\/wp-json\/wp\/v2\/media?parent=300"}],"wp:term":[{"taxonomy":"product_cat","embeddable":true,"href":"https:\/\/store4.prototipo.digital\/index.php\/wp-json\/wp\/v2\/product_cat?post=300"},{"taxonomy":"product_tag","embeddable":true,"href":"https:\/\/store4.prototipo.digital\/index.php\/wp-json\/wp\/v2\/product_tag?post=300"}],"curies":[{"name":"wp","href":"https:\/\/api.w.org\/{rel}","templated":true}]}}