{"id":312,"date":"2021-08-26T16:22:24","date_gmt":"2021-08-26T16:22:24","guid":{"rendered":"http:\/\/dummy.xtemos.com\/woodmart2\/elementor\/?post_type=product&#038;p=312"},"modified":"2023-08-15T17:00:19","modified_gmt":"2023-08-15T17:00:19","slug":"limonada-de-mandarina","status":"publish","type":"product","link":"https:\/\/store4.prototipo.digital\/index.php\/producto\/limonada-de-mandarina\/","title":{"rendered":"Limonada de Mandarina"},"content":{"rendered":"\t\t<div data-elementor-type=\"wp-post\" data-elementor-id=\"312\" class=\"elementor elementor-312\" data-elementor-post-type=\"product\">\n\t\t\t\t\t\t\t\t\t<section class=\"wd-negative-gap elementor-section elementor-top-section elementor-element elementor-element-5fd63dd elementor-section-content-top elementor-section-boxed elementor-section-height-default elementor-section-height-default wd-section-disabled\" data-id=\"5fd63dd\" data-element_type=\"section\">\n\t\t\t\t\t\t<div class=\"elementor-container elementor-column-gap-default\">\n\t\t\t\t\t<div class=\"elementor-column elementor-col-100 elementor-top-column elementor-element elementor-element-2f78948a\" data-id=\"2f78948a\" data-element_type=\"column\">\n\t\t\t<div class=\"elementor-widget-wrap elementor-element-populated\">\n\t\t\t\t\t\t\t\t<div class=\"elementor-element elementor-element-16a6f9a elementor-widget elementor-widget-wd_text_block\" data-id=\"16a6f9a\" data-element_type=\"widget\" data-widget_type=\"wd_text_block.default\">\n\t\t\t\t<div class=\"elementor-widget-container\">\n\t\t\t\t\t<div class=\"wd-text-block reset-last-child text-left\">\n\t\t\t\n\t\t\t<p>La limonada de mandarina es una bebida refrescante que combina el sabor c\u00edtrico del lim\u00f3n con el toque dulce y arom\u00e1tico de la mandarina. Se prepara t\u00edpicamente mezclando jugo de lim\u00f3n reci\u00e9n exprimido con jugo de mandarina y az\u00facar, y se puede servir con hielo para mantenerla fr\u00eda.<\/p><p>Algunas caracter\u00edsticas que podr\u00edan destacar en un producto de limonada de mandarina podr\u00edan ser:<\/p><p><strong>Sabor:<\/strong> El sabor caracter\u00edstico de la limonada de mandarina combina la acidez del lim\u00f3n con la dulzura y aroma de la mandarina, creando una bebida equilibrada y refrescante.<\/p><p><strong>Ingredientes:<\/strong> Un producto de limonada de mandarina de calidad deber\u00eda contener jugo natural de lim\u00f3n y mandarina, y preferiblemente sin conservantes o aditivos artificiales.<\/p><p><strong>Presentaci\u00f3n:<\/strong> La limonada de mandarina se puede encontrar en diferentes presentaciones, como botellas, latas o envases de cart\u00f3n.<\/p><p><strong>Az\u00facar:<\/strong> Es importante revisar la cantidad de az\u00facar presente en el producto, ya que algunos productos comerciales pueden contener cantidades significativas de az\u00facar a\u00f1adido. Optar por una limonada de mandarina con menos az\u00facares a\u00f1adidos es una opci\u00f3n m\u00e1s saludable.<\/p>\n\t\t\t\t\t<\/div>\n\t\t\t\t<\/div>\n\t\t\t\t<\/div>\n\t\t\t\t\t<\/div>\n\t\t<\/div>\n\t\t\t\t\t\t\t<\/div>\n\t\t<\/section>\n\t\t\t\t\t\t\t<\/div>\n\t\t","protected":false},"excerpt":{"rendered":"<p>Refr\u00e9scate con nuestra limonada de mandarina, una fusi\u00f3n de c\u00edtricos que combina la acidez del lim\u00f3n con la dulzura de la mandarina. Una bebida \u00fanica y revitalizante.<\/p>\n","protected":false},"featured_media":5144,"template":"","meta":[],"product_cat":[42],"product_tag":[],"class_list":["post-312","product","type-product","status-publish","has-post-thumbnail","hentry","product_cat-jugo"],"_links":{"self":[{"href":"https:\/\/store4.prototipo.digital\/index.php\/wp-json\/wp\/v2\/product\/312","targetHints":{"allow":["GET"]}}],"collection":[{"href":"https:\/\/store4.prototipo.digital\/index.php\/wp-json\/wp\/v2\/product"}],"about":[{"href":"https:\/\/store4.prototipo.digital\/index.php\/wp-json\/wp\/v2\/types\/product"}],"version-history":[{"count":6,"href":"https:\/\/store4.prototipo.digital\/index.php\/wp-json\/wp\/v2\/product\/312\/revisions"}],"predecessor-version":[{"id":16125,"href":"https:\/\/store4.prototipo.digital\/index.php\/wp-json\/wp\/v2\/product\/312\/revisions\/16125"}],"wp:featuredmedia":[{"embeddable":true,"href":"https:\/\/store4.prototipo.digital\/index.php\/wp-json\/wp\/v2\/media\/5144"}],"wp:attachment":[{"href":"https:\/\/store4.prototipo.digital\/index.php\/wp-json\/wp\/v2\/media?parent=312"}],"wp:term":[{"taxonomy":"product_cat","embeddable":true,"href":"https:\/\/store4.prototipo.digital\/index.php\/wp-json\/wp\/v2\/product_cat?post=312"},{"taxonomy":"product_tag","embeddable":true,"href":"https:\/\/store4.prototipo.digital\/index.php\/wp-json\/wp\/v2\/product_tag?post=312"}],"curies":[{"name":"wp","href":"https:\/\/api.w.org\/{rel}","templated":true}]}}