{"id":323,"date":"2021-08-27T11:34:33","date_gmt":"2021-08-27T11:34:33","guid":{"rendered":"http:\/\/dummy.xtemos.com\/woodmart2\/elementor\/?post_type=product&#038;p=323"},"modified":"2023-08-15T17:37:44","modified_gmt":"2023-08-15T17:37:44","slug":"frutos-tropicales-secos","status":"publish","type":"product","link":"https:\/\/store4.prototipo.digital\/index.php\/producto\/frutos-tropicales-secos\/","title":{"rendered":"Frutos Tropicales Secos"},"content":{"rendered":"\t\t<div data-elementor-type=\"wp-post\" data-elementor-id=\"323\" class=\"elementor elementor-323\" data-elementor-post-type=\"product\">\n\t\t\t\t\t\t\t\t\t<section class=\"wd-negative-gap elementor-section elementor-top-section elementor-element elementor-element-368375a elementor-section-content-top elementor-section-boxed elementor-section-height-default elementor-section-height-default wd-section-disabled\" data-id=\"368375a\" data-element_type=\"section\">\n\t\t\t\t\t\t<div class=\"elementor-container elementor-column-gap-default\">\n\t\t\t\t\t<div class=\"elementor-column elementor-col-100 elementor-top-column elementor-element elementor-element-1397ec9e\" data-id=\"1397ec9e\" data-element_type=\"column\">\n\t\t\t<div class=\"elementor-widget-wrap elementor-element-populated\">\n\t\t\t\t\t\t\t\t<div class=\"elementor-element elementor-element-12a4d22 elementor-widget elementor-widget-wd_text_block\" data-id=\"12a4d22\" data-element_type=\"widget\" data-widget_type=\"wd_text_block.default\">\n\t\t\t\t<div class=\"elementor-widget-container\">\n\t\t\t\t\t<div class=\"wd-text-block reset-last-child text-left\">\n\t\t\t\n\t\t\t<p>Los \"Frutos Tropicales Secos\" son una variante deshidratada de las frutas tropicales, que se someten a un proceso de secado para eliminar la mayor parte del contenido de agua. Estos frutos secos conservan gran parte de su sabor y nutrientes, lo que los convierte en una opci\u00f3n popular como snack saludable y sabroso. Algunas de las frutas tropicales que se encuentran com\u00fanmente en esta categor\u00eda incluyen:<\/p><p><strong>Mango seco:<\/strong> El mango seco tiene un sabor dulce y afrutado, con una textura suave y masticable. Es rico en vitamina A, vitamina C, potasio y fibra diet\u00e9tica.<\/p><p><strong>Pi\u00f1a seca:<\/strong> La pi\u00f1a seca tiene un sabor dulce y \u00e1cido caracter\u00edstico de la pi\u00f1a fresca. Es una buena fuente de vitamina C, vitamina B6 y manganeso.<\/p><p><strong>Papaya seca:<\/strong> La papaya seca tiene un sabor dulce y delicado. Es rica en vitamina C, vitamina A, potasio y antioxidantes como la licopeno y la vitamina E.<\/p><p><strong>Coco seco:<\/strong> El coco seco es una deliciosa opci\u00f3n con un sabor a coco intensificado. Es una fuente de grasas saludables y fibra diet\u00e9tica.<\/p><p><strong>Pl\u00e1tano seco:<\/strong> Los pl\u00e1tanos secos, tambi\u00e9n conocidos como banana chips, pueden ser dulces o salados y son una excelente fuente de potasio y carbohidratos.<\/p><p><strong>D\u00e1tiles secos:<\/strong> Los d\u00e1tiles secos son frutas dulces y pegajosas con un alto contenido de az\u00facar natural. Son una buena fuente de fibra, potasio y diversos minerales.<\/p>\n\t\t\t\t\t<\/div>\n\t\t\t\t<\/div>\n\t\t\t\t<\/div>\n\t\t\t\t\t<\/div>\n\t\t<\/div>\n\t\t\t\t\t\t\t<\/div>\n\t\t<\/section>\n\t\t\t\t\t\t\t<\/div>\n\t\t","protected":false},"excerpt":{"rendered":"<p>Descubre una explosi\u00f3n de sabores en nuestro mix de frutos tropicales secos, que incluye mangos, pi\u00f1as, coco y m\u00e1s. Un snack saludable y energ\u00e9tico para disfrutar en cualquier momento.<\/p>\n","protected":false},"featured_media":5143,"template":"","meta":[],"product_cat":[29],"product_tag":[],"class_list":["post-323","product","type-product","status-publish","has-post-thumbnail","hentry","product_cat-otros"],"_links":{"self":[{"href":"https:\/\/store4.prototipo.digital\/index.php\/wp-json\/wp\/v2\/product\/323","targetHints":{"allow":["GET"]}}],"collection":[{"href":"https:\/\/store4.prototipo.digital\/index.php\/wp-json\/wp\/v2\/product"}],"about":[{"href":"https:\/\/store4.prototipo.digital\/index.php\/wp-json\/wp\/v2\/types\/product"}],"version-history":[{"count":7,"href":"https:\/\/store4.prototipo.digital\/index.php\/wp-json\/wp\/v2\/product\/323\/revisions"}],"predecessor-version":[{"id":16049,"href":"https:\/\/store4.prototipo.digital\/index.php\/wp-json\/wp\/v2\/product\/323\/revisions\/16049"}],"wp:featuredmedia":[{"embeddable":true,"href":"https:\/\/store4.prototipo.digital\/index.php\/wp-json\/wp\/v2\/media\/5143"}],"wp:attachment":[{"href":"https:\/\/store4.prototipo.digital\/index.php\/wp-json\/wp\/v2\/media?parent=323"}],"wp:term":[{"taxonomy":"product_cat","embeddable":true,"href":"https:\/\/store4.prototipo.digital\/index.php\/wp-json\/wp\/v2\/product_cat?post=323"},{"taxonomy":"product_tag","embeddable":true,"href":"https:\/\/store4.prototipo.digital\/index.php\/wp-json\/wp\/v2\/product_tag?post=323"}],"curies":[{"name":"wp","href":"https:\/\/api.w.org\/{rel}","templated":true}]}}