{"id":361,"date":"2021-08-27T11:55:26","date_gmt":"2021-08-27T11:55:26","guid":{"rendered":"http:\/\/dummy.xtemos.com\/woodmart2\/elementor\/?post_type=product&#038;p=361"},"modified":"2023-08-15T16:59:26","modified_gmt":"2023-08-15T16:59:26","slug":"jugo-de-manzana","status":"publish","type":"product","link":"https:\/\/store4.prototipo.digital\/index.php\/producto\/jugo-de-manzana\/","title":{"rendered":"Jugo de Manzana"},"content":{"rendered":"\t\t<div data-elementor-type=\"wp-post\" data-elementor-id=\"361\" class=\"elementor elementor-361\" data-elementor-post-type=\"product\">\n\t\t\t\t\t\t\t\t\t<section class=\"wd-negative-gap elementor-section elementor-top-section elementor-element elementor-element-878b672 elementor-section-boxed elementor-section-height-default elementor-section-height-default wd-section-disabled\" data-id=\"878b672\" data-element_type=\"section\">\n\t\t\t\t\t\t<div class=\"elementor-container elementor-column-gap-default\">\n\t\t\t\t\t<div class=\"elementor-column elementor-col-100 elementor-top-column elementor-element elementor-element-80d4fcf\" data-id=\"80d4fcf\" data-element_type=\"column\">\n\t\t\t<div class=\"elementor-widget-wrap elementor-element-populated\">\n\t\t\t\t\t\t\t\t<div class=\"elementor-element elementor-element-17ea651 elementor-widget elementor-widget-wd_text_block\" data-id=\"17ea651\" data-element_type=\"widget\" data-widget_type=\"wd_text_block.default\">\n\t\t\t\t<div class=\"elementor-widget-container\">\n\t\t\t\t\t<div class=\"wd-text-block reset-last-child text-left\">\n\t\t\t\n\t\t\t<p>El jugo de manzana es una bebida popular y ampliamente consumida en todo el mundo. Se obtiene al exprimir las manzanas maduras y es conocido por su sabor dulce y refrescante. Aqu\u00ed hay algunos aspectos clave sobre el jugo de manzana:<\/p><p><strong>Beneficios para la salud:<\/strong> El jugo de manzana es una buena fuente de vitamina C y antioxidantes, que son beneficiosos para el sistema inmunol\u00f3gico y pueden ayudar a proteger las c\u00e9lulas del da\u00f1o causado por los radicales libres. Tambi\u00e9n contiene otros nutrientes, como vitamina A, potasio y fibra, aunque en menor cantidad que la manzana entera.<\/p><p><strong>Variedades:<\/strong> El jugo de manzana est\u00e1 disponible en diferentes variedades en el mercado. Puede ser jugo de manzana 100% natural sin pulpa, jugo con pulpa, jugo concentrado, mezclado con otras frutas o incluso con variantes como el jugo de manzana org\u00e1nico.<\/p><p><strong>Az\u00facares naturales:<\/strong> El jugo de manzana natural contiene az\u00facares naturales presentes en la fruta misma. Es importante tener en cuenta que, aunque los az\u00facares son naturales, a\u00fan as\u00ed pueden elevar los niveles de az\u00facar en sangre, por lo que se debe consumir con moderaci\u00f3n, especialmente para personas con diabetes o problemas de az\u00facar en sangre.<\/p><p><strong>Sin aditivos:<\/strong> Al comprar jugo de manzana envasado, es importante revisar las etiquetas para asegurarse de que no contenga az\u00facares a\u00f1adidos, colorantes o conservantes innecesarios. Es preferible optar por opciones 100% naturales y sin aditivos.<\/p><p><strong>Usos culinarios:<\/strong> Adem\u00e1s de ser una bebida refrescante por s\u00ed misma, el jugo de manzana se utiliza en la preparaci\u00f3n de c\u00f3cteles, batidos, aderezos para ensaladas y en la cocci\u00f3n de algunos platos, especialmente para dar sabor y caramelizar carnes o vegetales.<\/p>\n\t\t\t\t\t<\/div>\n\t\t\t\t<\/div>\n\t\t\t\t<\/div>\n\t\t\t\t\t<\/div>\n\t\t<\/div>\n\t\t\t\t\t\t\t<\/div>\n\t\t<\/section>\n\t\t\t\t\t\t\t<\/div>\n\t\t","protected":false},"excerpt":{"rendered":"<p>Disfruta de la dulzura natural y refrescante del jugo de manzana, elaborado con las mejores manzanas seleccionadas cuidadosamente. Un sabor cl\u00e1sico y delicioso que te transportar\u00e1 a los verdes huertos.<\/p>\n","protected":false},"featured_media":5137,"template":"","meta":[],"product_cat":[42],"product_tag":[],"class_list":["post-361","product","type-product","status-publish","has-post-thumbnail","hentry","product_cat-jugo"],"_links":{"self":[{"href":"https:\/\/store4.prototipo.digital\/index.php\/wp-json\/wp\/v2\/product\/361","targetHints":{"allow":["GET"]}}],"collection":[{"href":"https:\/\/store4.prototipo.digital\/index.php\/wp-json\/wp\/v2\/product"}],"about":[{"href":"https:\/\/store4.prototipo.digital\/index.php\/wp-json\/wp\/v2\/types\/product"}],"version-history":[{"count":7,"href":"https:\/\/store4.prototipo.digital\/index.php\/wp-json\/wp\/v2\/product\/361\/revisions"}],"predecessor-version":[{"id":16122,"href":"https:\/\/store4.prototipo.digital\/index.php\/wp-json\/wp\/v2\/product\/361\/revisions\/16122"}],"wp:featuredmedia":[{"embeddable":true,"href":"https:\/\/store4.prototipo.digital\/index.php\/wp-json\/wp\/v2\/media\/5137"}],"wp:attachment":[{"href":"https:\/\/store4.prototipo.digital\/index.php\/wp-json\/wp\/v2\/media?parent=361"}],"wp:term":[{"taxonomy":"product_cat","embeddable":true,"href":"https:\/\/store4.prototipo.digital\/index.php\/wp-json\/wp\/v2\/product_cat?post=361"},{"taxonomy":"product_tag","embeddable":true,"href":"https:\/\/store4.prototipo.digital\/index.php\/wp-json\/wp\/v2\/product_tag?post=361"}],"curies":[{"name":"wp","href":"https:\/\/api.w.org\/{rel}","templated":true}]}}