{"id":372,"date":"2021-08-27T11:59:19","date_gmt":"2021-08-27T11:59:19","guid":{"rendered":"http:\/\/dummy.xtemos.com\/woodmart2\/elementor\/?post_type=product&#038;p=372"},"modified":"2023-08-15T16:59:20","modified_gmt":"2023-08-15T16:59:20","slug":"jugo-de-naranja","status":"publish","type":"product","link":"https:\/\/store4.prototipo.digital\/index.php\/producto\/jugo-de-naranja\/","title":{"rendered":"Jugo de Naranja"},"content":{"rendered":"\t\t<div data-elementor-type=\"wp-post\" data-elementor-id=\"372\" class=\"elementor elementor-372\" data-elementor-post-type=\"product\">\n\t\t\t\t\t\t\t\t\t<section class=\"wd-negative-gap elementor-section elementor-top-section elementor-element elementor-element-235c261 elementor-section-boxed elementor-section-height-default elementor-section-height-default wd-section-disabled\" data-id=\"235c261\" data-element_type=\"section\">\n\t\t\t\t\t\t<div class=\"elementor-container elementor-column-gap-default\">\n\t\t\t\t\t<div class=\"elementor-column elementor-col-100 elementor-top-column elementor-element elementor-element-7113d4b\" data-id=\"7113d4b\" data-element_type=\"column\">\n\t\t\t<div class=\"elementor-widget-wrap elementor-element-populated\">\n\t\t\t\t\t\t\t\t<div class=\"elementor-element elementor-element-54792bf elementor-widget elementor-widget-wd_text_block\" data-id=\"54792bf\" data-element_type=\"widget\" data-widget_type=\"wd_text_block.default\">\n\t\t\t\t<div class=\"elementor-widget-container\">\n\t\t\t\t\t<div class=\"wd-text-block reset-last-child text-left\">\n\t\t\t\n\t\t\t<p>El jugo de naranja es una bebida popular y ampliamente consumida en todo el mundo. Se produce exprimiendo las naranjas maduras, y es conocido por su sabor refrescante y alto contenido de vitamina C. Aqu\u00ed hay algunos aspectos clave sobre el jugo de naranja:<\/p><p><strong>Beneficios para la salud:<\/strong> El jugo de naranja es una excelente fuente de vitamina C, que es un antioxidante importante que ayuda a proteger el sistema inmunol\u00f3gico, mantener la salud de la piel y promover la absorci\u00f3n de hierro en el cuerpo. Tambi\u00e9n contiene otros nutrientes como vitamina A, potasio y folato.<\/p><p><strong>Variedades:<\/strong> El jugo de naranja se encuentra en diferentes variedades en el mercado. Puede ser jugo de naranja natural 100% sin pulpa, jugo con pulpa, jugo concentrado, mezclado con otras frutas o con adici\u00f3n de calcio y vitamina D para enriquecerlo nutricionalmente.<\/p><p><strong>Az\u00facares naturales:<\/strong> El jugo de naranja natural contiene az\u00facares naturales provenientes de la fruta misma. Es importante tener en cuenta que, aunque los az\u00facares son naturales, a\u00fan as\u00ed pueden elevar los niveles de az\u00facar en sangre, por lo que se debe consumir con moderaci\u00f3n, especialmente para personas con diabetes o problemas de az\u00facar en sangre.<\/p><p><strong>Cuidado con los aditivos:<\/strong> Al comprar jugo de naranja envasado, es importante revisar las etiquetas para asegurarse de que no contenga az\u00facares a\u00f1adidos, colorantes o conservantes innecesarios. Es preferible optar por opciones 100% naturales y sin aditivos.<\/p><p><strong>Usos culinarios:<\/strong> Adem\u00e1s de ser una bebida refrescante por s\u00ed misma, el jugo de naranja se utiliza en la preparaci\u00f3n de c\u00f3cteles, batidos, aderezos para ensaladas y salsas debido a su sabor dulce y \u00e1cido.<\/p>\n\t\t\t\t\t<\/div>\n\t\t\t\t<\/div>\n\t\t\t\t<\/div>\n\t\t\t\t\t<\/div>\n\t\t<\/div>\n\t\t\t\t\t\t\t<\/div>\n\t\t<\/section>\n\t\t\t\t\t\t\t<\/div>\n\t\t","protected":false},"excerpt":{"rendered":"<p>Nuestro jugo de naranja reci\u00e9n exprimido te brinda el aut\u00e9ntico sabor de las naranjas maduras, lleno de vitamina C y frescura en cada sorbo. Una opci\u00f3n cl\u00e1sica y saludable para empezar tu d\u00eda.<\/p>\n","protected":false},"featured_media":5141,"template":"","meta":[],"product_cat":[42],"product_tag":[],"class_list":["post-372","product","type-product","status-publish","has-post-thumbnail","hentry","product_cat-jugo"],"_links":{"self":[{"href":"https:\/\/store4.prototipo.digital\/index.php\/wp-json\/wp\/v2\/product\/372","targetHints":{"allow":["GET"]}}],"collection":[{"href":"https:\/\/store4.prototipo.digital\/index.php\/wp-json\/wp\/v2\/product"}],"about":[{"href":"https:\/\/store4.prototipo.digital\/index.php\/wp-json\/wp\/v2\/types\/product"}],"version-history":[{"count":7,"href":"https:\/\/store4.prototipo.digital\/index.php\/wp-json\/wp\/v2\/product\/372\/revisions"}],"predecessor-version":[{"id":16121,"href":"https:\/\/store4.prototipo.digital\/index.php\/wp-json\/wp\/v2\/product\/372\/revisions\/16121"}],"wp:featuredmedia":[{"embeddable":true,"href":"https:\/\/store4.prototipo.digital\/index.php\/wp-json\/wp\/v2\/media\/5141"}],"wp:attachment":[{"href":"https:\/\/store4.prototipo.digital\/index.php\/wp-json\/wp\/v2\/media?parent=372"}],"wp:term":[{"taxonomy":"product_cat","embeddable":true,"href":"https:\/\/store4.prototipo.digital\/index.php\/wp-json\/wp\/v2\/product_cat?post=372"},{"taxonomy":"product_tag","embeddable":true,"href":"https:\/\/store4.prototipo.digital\/index.php\/wp-json\/wp\/v2\/product_tag?post=372"}],"curies":[{"name":"wp","href":"https:\/\/api.w.org\/{rel}","templated":true}]}}