{"id":411,"date":"2021-08-27T12:19:36","date_gmt":"2021-08-27T12:19:36","guid":{"rendered":"http:\/\/dummy.xtemos.com\/woodmart2\/elementor\/?post_type=product&#038;p=411"},"modified":"2023-08-15T16:59:02","modified_gmt":"2023-08-15T16:59:02","slug":"jugo-de-pina","status":"publish","type":"product","link":"https:\/\/store4.prototipo.digital\/index.php\/producto\/jugo-de-pina\/","title":{"rendered":"Jugo de Pi\u00f1a"},"content":{"rendered":"\t\t<div data-elementor-type=\"wp-post\" data-elementor-id=\"411\" class=\"elementor elementor-411\" data-elementor-post-type=\"product\">\n\t\t\t\t\t\t\t\t\t<section class=\"wd-negative-gap elementor-section elementor-top-section elementor-element elementor-element-27afdad elementor-section-boxed elementor-section-height-default elementor-section-height-default wd-section-disabled\" data-id=\"27afdad\" data-element_type=\"section\">\n\t\t\t\t\t\t<div class=\"elementor-container elementor-column-gap-default\">\n\t\t\t\t\t<div class=\"elementor-column elementor-col-100 elementor-top-column elementor-element elementor-element-91f36c2\" data-id=\"91f36c2\" data-element_type=\"column\">\n\t\t\t<div class=\"elementor-widget-wrap elementor-element-populated\">\n\t\t\t\t\t\t\t\t<div class=\"elementor-element elementor-element-ff40d8c elementor-widget elementor-widget-wd_text_block\" data-id=\"ff40d8c\" data-element_type=\"widget\" data-widget_type=\"wd_text_block.default\">\n\t\t\t\t<div class=\"elementor-widget-container\">\n\t\t\t\t\t<div class=\"wd-text-block reset-last-child text-left\">\n\t\t\t\n\t\t\t<p>El jugo de pi\u00f1a es una bebida popular y refrescante que se elabora exprimiendo el jugo de la fruta tropical de pi\u00f1a (Ananas comosus). Es conocido por su sabor dulce y tropical, y se puede disfrutar en forma de jugo natural, jugo concentrado o jugo mezclado con otros sabores y\/o ingredientes.<\/p><p><em><strong>Aqu\u00ed hay algunos aspectos clave sobre el jugo de pi\u00f1a:<\/strong><\/em><\/p><p><strong>Beneficios para la salud:<\/strong> La pi\u00f1a es una fruta rica en vitamina C, vitamina A, manganeso, antioxidantes y enzimas digestivas como la bromelina. Estos nutrientes pueden ofrecer diversos beneficios para la salud, incluyendo la mejora del sistema inmunol\u00f3gico, la digesti\u00f3n y la salud de la piel.<\/p><p><strong>Variedades:<\/strong> El jugo de pi\u00f1a est\u00e1 disponible en diferentes variedades, como jugo natural sin pulpa, jugo con pulpa, jugo concentrado y jugo mezclado con otras frutas.<\/p><p><strong>Sin az\u00facares a\u00f1adidos:<\/strong> Es importante revisar la etiqueta para asegurarse de que el jugo de pi\u00f1a que est\u00e1s comprando no contenga az\u00facares a\u00f1adidos o conservantes innecesarios. La opci\u00f3n m\u00e1s saludable es el jugo de pi\u00f1a 100% natural sin aditivos.<\/p><p><strong>Usos culinarios:<\/strong> Adem\u00e1s de ser una bebida refrescante por s\u00ed misma, el jugo de pi\u00f1a tambi\u00e9n se utiliza en c\u00f3cteles, batidos, adobos, salsas y marinadas debido a su sabor tropical distintivo.<br \/><strong><br \/>Al\u00e9rgenos:<\/strong> Si tienes alergia a la pi\u00f1a o intolerancia a la fructosa, debes tener cuidado al consumir jugo de pi\u00f1a, ya que puede provocar reacciones adversas en algunas personas.<\/p>\n\t\t\t\t\t<\/div>\n\t\t\t\t<\/div>\n\t\t\t\t<\/div>\n\t\t\t\t\t<\/div>\n\t\t<\/div>\n\t\t\t\t\t\t\t<\/div>\n\t\t<\/section>\n\t\t\t\t\t\t\t<\/div>\n\t\t","protected":false},"excerpt":{"rendered":"<p>Sum\u00e9rgete en el ex\u00f3tico sabor del jugo de pi\u00f1a, extra\u00eddo de las jugosas y maduras pi\u00f1as tropicales. Un elixir tropical lleno de frescura y vitaminas que te har\u00e1 sentir como si estuvieras en una isla paradis\u00edaca.<\/p>\n","protected":false},"featured_media":5138,"template":"","meta":[],"product_cat":[42],"product_tag":[],"class_list":["post-411","product","type-product","status-publish","has-post-thumbnail","hentry","product_cat-jugo"],"_links":{"self":[{"href":"https:\/\/store4.prototipo.digital\/index.php\/wp-json\/wp\/v2\/product\/411","targetHints":{"allow":["GET"]}}],"collection":[{"href":"https:\/\/store4.prototipo.digital\/index.php\/wp-json\/wp\/v2\/product"}],"about":[{"href":"https:\/\/store4.prototipo.digital\/index.php\/wp-json\/wp\/v2\/types\/product"}],"version-history":[{"count":10,"href":"https:\/\/store4.prototipo.digital\/index.php\/wp-json\/wp\/v2\/product\/411\/revisions"}],"predecessor-version":[{"id":16000,"href":"https:\/\/store4.prototipo.digital\/index.php\/wp-json\/wp\/v2\/product\/411\/revisions\/16000"}],"wp:featuredmedia":[{"embeddable":true,"href":"https:\/\/store4.prototipo.digital\/index.php\/wp-json\/wp\/v2\/media\/5138"}],"wp:attachment":[{"href":"https:\/\/store4.prototipo.digital\/index.php\/wp-json\/wp\/v2\/media?parent=411"}],"wp:term":[{"taxonomy":"product_cat","embeddable":true,"href":"https:\/\/store4.prototipo.digital\/index.php\/wp-json\/wp\/v2\/product_cat?post=411"},{"taxonomy":"product_tag","embeddable":true,"href":"https:\/\/store4.prototipo.digital\/index.php\/wp-json\/wp\/v2\/product_tag?post=411"}],"curies":[{"name":"wp","href":"https:\/\/api.w.org\/{rel}","templated":true}]}}